{"id":7748,"date":"2024-02-27T08:40:05","date_gmt":"2024-02-27T13:40:05","guid":{"rendered":"https:\/\/darkslategray-swan-228591.hostingersite.com\/?page_id=7748"},"modified":"2024-02-27T11:04:53","modified_gmt":"2024-02-27T16:04:53","slug":"real-state","status":"publish","type":"page","link":"https:\/\/rodaxservices.com\/index.php\/real-state\/","title":{"rendered":"Real State"},"content":{"rendered":"\n<p><em>Land For Sale, great location fully info coming soon<\/em><\/p>\n\n\n\n<h1 class=\"wp-block-heading\">Economics hashtag#business # hashtag#realestate hashtag#land hashtag#forsale hashtag#nature<\/h1>\n\n\n\n<p>hashtag#Colombia, hashtag#Cundinamarca<br>Ubicaci\u00f3n: hashtag#Fusagasug\u00e1 vereda Usatama, finca Villa Helena. A 3 km. De la Avenida hashtag#Panamericana.<br>\u00c1rea 6.75 fanegadas o 43.000 mts2.<br>hashtag#Finca hashtag#certificada para hashtag#aves.<br>Tiene una casa amplia, y comoda con 4 alcobas dos ba\u00f1os, sala comedor, cocina, patio de ropas, zona y horno para asados. Garaje.<br>Galpones, pastos, establo.<br>Servicios : luz hashtag#trif\u00e1sica, agua de acueducto y de fuente natural, dos entradas de agua.<br>Gas natural, Internet rural.<br>Location: Fusagasug\u00e1 vereda Usatama, Villa Helena Farm. At 3 km. From the Highway Panamericana.<br>Area 43,000 Mt2.<br>Certified farm for birds.<br>It has a spacious and comfortable house with 4 bedrooms, two bathrooms, dining room, kitchen, laundry patio, barbecue area and oven. Garage.<br>Sheds, pastures, barn.<br>Services: three-way electricity, aqueduct water and Natural water source. two water inlets<br>Natural gas, rural Internet<br>Localisation: Fusagasug\u00e1 vereda Usatama, Ferme Villa Helena. \u00c0 3 km. Autoroute Du panam\u00e9ricain.<br>Superficie 43 000 m\u00e8tres carr\u00e9s.<br>Ferme certifi\u00e9e pour les oiseaux.<br>Il a une maison spacieuse et confortable avec 4 chambres, deux salles de bains, salle \u00e0 manger, cuisine, terrasse de buanderie, barbecue et four. Garage.<br>Remises, p\u00e2turages, grange<\/p>\n\n\n\n<figure class=\"wp-block-gallery has-nested-images columns-default is-cropped wp-block-gallery-1 is-layout-flex wp-block-gallery-is-layout-flex\">\n<figure class=\"wp-block-image size-large\"><img loading=\"lazy\" decoding=\"async\" width=\"1024\" height=\"710\" data-id=\"7752\" src=\"https:\/\/darkslategray-swan-228591.hostingersite.com\/wp-content\/uploads\/2024\/02\/StaHelena-1024x710.jpg\" alt=\"\" class=\"wp-image-7752\" srcset=\"https:\/\/rodaxservices.com\/wp-content\/uploads\/2024\/02\/StaHelena-1024x710.jpg 1024w, https:\/\/rodaxservices.com\/wp-content\/uploads\/2024\/02\/StaHelena-300x208.jpg 300w, https:\/\/rodaxservices.com\/wp-content\/uploads\/2024\/02\/StaHelena-768x533.jpg 768w, https:\/\/rodaxservices.com\/wp-content\/uploads\/2024\/02\/StaHelena-870x604.jpg 870w, https:\/\/rodaxservices.com\/wp-content\/uploads\/2024\/02\/StaHelena-640x444.jpg 640w, https:\/\/rodaxservices.com\/wp-content\/uploads\/2024\/02\/StaHelena-480x333.jpg 480w, https:\/\/rodaxservices.com\/wp-content\/uploads\/2024\/02\/StaHelena.jpg 1280w\" sizes=\"auto, (max-width: 1024px) 100vw, 1024px\" \/><\/figure>\n<\/figure>\n\n\n\n<figure class=\"wp-block-gallery has-nested-images columns-default is-cropped wp-block-gallery-2 is-layout-flex wp-block-gallery-is-layout-flex\">\n<figure class=\"wp-block-image size-large\"><img loading=\"lazy\" decoding=\"async\" width=\"1024\" height=\"576\" data-id=\"7769\" src=\"https:\/\/darkslategray-swan-228591.hostingersite.com\/wp-content\/uploads\/2024\/02\/Location-1024x576.jpeg\" alt=\"\" class=\"wp-image-7769\" srcset=\"https:\/\/rodaxservices.com\/wp-content\/uploads\/2024\/02\/Location-1024x576.jpeg 1024w, https:\/\/rodaxservices.com\/wp-content\/uploads\/2024\/02\/Location-300x169.jpeg 300w, https:\/\/rodaxservices.com\/wp-content\/uploads\/2024\/02\/Location-768x432.jpeg 768w, https:\/\/rodaxservices.com\/wp-content\/uploads\/2024\/02\/Location-870x489.jpeg 870w, https:\/\/rodaxservices.com\/wp-content\/uploads\/2024\/02\/Location-640x360.jpeg 640w, https:\/\/rodaxservices.com\/wp-content\/uploads\/2024\/02\/Location-480x270.jpeg 480w, https:\/\/rodaxservices.com\/wp-content\/uploads\/2024\/02\/Location.jpeg 1280w\" sizes=\"auto, (max-width: 1024px) 100vw, 1024px\" \/><\/figure>\n<\/figure>\n","protected":false},"excerpt":{"rendered":"<p>Land For Sale, great location fully info coming soon Economics hashtag#business # hashtag#realestate hashtag#land hashtag#forsale hashtag#nature hashtag#Colombia, hashtag#CundinamarcaUbicaci\u00f3n: hashtag#Fusagasug\u00e1 vereda Usatama, finca Villa Helena. A 3 km. De la Avenida hashtag#Panamericana.\u00c1rea 6.75 fanegadas o 43.000 mts2.hashtag#Finca hashtag#certificada para hashtag#aves.Tiene una casa amplia,<\/p>\n<p class=\"link-more\"><a class=\"myButt three\" href=\"https:\/\/rodaxservices.com\/index.php\/real-state\/\">Read More<\/a><\/p>\n","protected":false},"author":1,"featured_media":0,"parent":0,"menu_order":0,"comment_status":"closed","ping_status":"closed","template":"","meta":{"om_disable_all_campaigns":false,"footnotes":""},"class_list":["post-7748","page","type-page","status-publish","hentry"],"_links":{"self":[{"href":"https:\/\/rodaxservices.com\/index.php\/wp-json\/wp\/v2\/pages\/7748","targetHints":{"allow":["GET"]}}],"collection":[{"href":"https:\/\/rodaxservices.com\/index.php\/wp-json\/wp\/v2\/pages"}],"about":[{"href":"https:\/\/rodaxservices.com\/index.php\/wp-json\/wp\/v2\/types\/page"}],"author":[{"embeddable":true,"href":"https:\/\/rodaxservices.com\/index.php\/wp-json\/wp\/v2\/users\/1"}],"replies":[{"embeddable":true,"href":"https:\/\/rodaxservices.com\/index.php\/wp-json\/wp\/v2\/comments?post=7748"}],"version-history":[{"count":3,"href":"https:\/\/rodaxservices.com\/index.php\/wp-json\/wp\/v2\/pages\/7748\/revisions"}],"predecessor-version":[{"id":7770,"href":"https:\/\/rodaxservices.com\/index.php\/wp-json\/wp\/v2\/pages\/7748\/revisions\/7770"}],"wp:attachment":[{"href":"https:\/\/rodaxservices.com\/index.php\/wp-json\/wp\/v2\/media?parent=7748"}],"curies":[{"name":"wp","href":"https:\/\/api.w.org\/{rel}","templated":true}]}}