{"id":25,"date":"2020-04-17T23:31:18","date_gmt":"2020-04-17T22:31:18","guid":{"rendered":"https:\/\/darkslategray-swan-228591.hostingersite.com\/?page_id=25"},"modified":"2025-02-11T21:26:06","modified_gmt":"2025-02-12T02:26:06","slug":"my-portafolio","status":"publish","type":"page","link":"https:\/\/rodaxservices.com\/index.php\/my-portafolio\/","title":{"rendered":"Portafolio"},"content":{"rendered":"<div class=\"vce-row-container\" data-vce-boxed-width=\"true\"><div class=\"vce-row vce-row--col-gap-30 vce-row-equal-height vce-row-content--top\" id=\"el-b71b12af\" data-vce-do-apply=\"all el-b71b12af\"><div class=\"vce-row-content\" data-vce-element-content=\"true\"><div class=\"vce-col vce-col--md-auto vce-col--xs-1 vce-col--xs-last vce-col--xs-first vce-col--sm-last vce-col--sm-first vce-col--md-last vce-col--lg-last vce-col--xl-last vce-col--md-first vce-col--lg-first vce-col--xl-first\" id=\"el-b2cc7789\"><div class=\"vce-col-inner\" data-vce-do-apply=\"border margin background  el-b2cc7789\"><div class=\"vce-col-content\" data-vce-element-content=\"true\" data-vce-do-apply=\"padding el-b2cc7789\"><div class=\"vce-text-block\"><div class=\"vce-text-block-wrapper vce\" id=\"el-80b81c79\" data-vce-do-apply=\"all el-80b81c79\">\n<p><em>Alexis Rodriguez  .<\/em> <\/p>\n\n\n\n<p><a href=\"https:\/\/www.linkedin.com\/in\/alexis-rodriguez-0614b248\/\">https:\/\/www.linkedin.com\/in\/alexis-rodriguez-0614b248\/<\/a><\/p>\n\n\n\n<p><em>Ingeniero Civil y Top\u00f3grafo. Soporte t\u00e9cnico a ingenieros y arquitectos con mi experiencia profesional desde 1990 y con mi licencia vigente en Topograf\u00eda desde 1994. CNPT. Ingeniero Civil con Licencia de COPNIA desde el 2001 prestando apoyo en dise\u00f1o usando herramientas como AutoCad, Civil 3D y Revit. Desde la administraci\u00f3n con el apoyo de programas como Microsoft Project y Trabajo de campo en el desarrollo de proyectos y obras civiles en general<\/em>.<\/p>\n\n\n\n<p><em>Knowledge belong to human being; you just have to find the key to enter and the language to decode it.<\/em><\/p>\n\n\n\n<figure class=\"wp-block-image size-full is-style-default\"><img loading=\"lazy\" decoding=\"async\" width=\"750\" height=\"571\" src=\"https:\/\/rodaxservices.com\/wp-content\/uploads\/2024\/01\/AlexTopo-3.jpg\" alt=\"\" class=\"wp-image-7724\" srcset=\"https:\/\/rodaxservices.com\/wp-content\/uploads\/2024\/01\/AlexTopo-3.jpg 750w, https:\/\/rodaxservices.com\/wp-content\/uploads\/2024\/01\/AlexTopo-3-300x228.jpg 300w, https:\/\/rodaxservices.com\/wp-content\/uploads\/2024\/01\/AlexTopo-3-640x487.jpg 640w, https:\/\/rodaxservices.com\/wp-content\/uploads\/2024\/01\/AlexTopo-3-480x365.jpg 480w\" sizes=\"auto, (max-width: 750px) 100vw, 750px\" \/><\/figure>\n\n\n\n<figure class=\"wp-block-image size-full\"><img loading=\"lazy\" decoding=\"async\" width=\"750\" height=\"834\" src=\"https:\/\/rodaxservices.com\/wp-content\/uploads\/2024\/05\/AlexTiempo.jpeg\" alt=\"\" class=\"wp-image-7818\" srcset=\"https:\/\/rodaxservices.com\/wp-content\/uploads\/2024\/05\/AlexTiempo.jpeg 750w, https:\/\/rodaxservices.com\/wp-content\/uploads\/2024\/05\/AlexTiempo-270x300.jpeg 270w, https:\/\/rodaxservices.com\/wp-content\/uploads\/2024\/05\/AlexTiempo-640x712.jpeg 640w, https:\/\/rodaxservices.com\/wp-content\/uploads\/2024\/05\/AlexTiempo-480x534.jpeg 480w\" sizes=\"auto, (max-width: 750px) 100vw, 750px\" \/><\/figure>\n<\/div><\/div><\/div><\/div><\/div><\/div><\/div><\/div>","protected":false},"excerpt":{"rendered":"<p>Alexis Rodriguez . https:\/\/www.linkedin.com\/in\/alexis-rodriguez-0614b248\/ Ingeniero Civil y Top\u00f3grafo. Soporte t\u00e9cnico a ingenieros y arquitectos con mi experiencia profesional desde 1990 y con mi licencia vigente en Topograf\u00eda desde 1994. CNPT. Ingeniero Civil con Licencia de COPNIA desde el 2001 prestando apoyo en<\/p>\n<p class=\"link-more\"><a class=\"myButt three\" href=\"https:\/\/rodaxservices.com\/index.php\/my-portafolio\/\">Read More<\/a><\/p>\n","protected":false},"author":1,"featured_media":0,"parent":0,"menu_order":0,"comment_status":"closed","ping_status":"closed","template":"","meta":{"om_disable_all_campaigns":false,"footnotes":""},"class_list":["post-25","page","type-page","status-publish","hentry"],"_links":{"self":[{"href":"https:\/\/rodaxservices.com\/index.php\/wp-json\/wp\/v2\/pages\/25","targetHints":{"allow":["GET"]}}],"collection":[{"href":"https:\/\/rodaxservices.com\/index.php\/wp-json\/wp\/v2\/pages"}],"about":[{"href":"https:\/\/rodaxservices.com\/index.php\/wp-json\/wp\/v2\/types\/page"}],"author":[{"embeddable":true,"href":"https:\/\/rodaxservices.com\/index.php\/wp-json\/wp\/v2\/users\/1"}],"replies":[{"embeddable":true,"href":"https:\/\/rodaxservices.com\/index.php\/wp-json\/wp\/v2\/comments?post=25"}],"version-history":[{"count":7,"href":"https:\/\/rodaxservices.com\/index.php\/wp-json\/wp\/v2\/pages\/25\/revisions"}],"predecessor-version":[{"id":7850,"href":"https:\/\/rodaxservices.com\/index.php\/wp-json\/wp\/v2\/pages\/25\/revisions\/7850"}],"wp:attachment":[{"href":"https:\/\/rodaxservices.com\/index.php\/wp-json\/wp\/v2\/media?parent=25"}],"curies":[{"name":"wp","href":"https:\/\/api.w.org\/{rel}","templated":true}]}}